{"id":413,"date":"2023-04-24T11:07:01","date_gmt":"2023-04-24T08:07:01","guid":{"rendered":"https:\/\/citrussolutionsfi-prod.citrus.dev\/?page_id=413"},"modified":"2024-12-16T15:44:11","modified_gmt":"2024-12-16T13:44:11","slug":"rekrytointi","status":"publish","type":"page","link":"https:\/\/citrussolutions.fi\/en\/rekrytointi\/","title":{"rendered":"Recruitment"},"content":{"rendered":"<div data-elementor-type=\"wp-page\" data-elementor-id=\"413\" class=\"elementor elementor-413\" data-elementor-post-type=\"page\">\n\t\t\t\t\t\t<section class=\"elementor-section elementor-top-section elementor-element elementor-element-3779b17e elementor-section-content-middle elementor-section-full_width elementor-section-height-default elementor-section-height-default\" data-id=\"3779b17e\" data-element_type=\"section\" data-e-type=\"section\">\n\t\t\t\t\t\t<div class=\"elementor-container elementor-column-gap-no\">\n\t\t\t\t\t<div class=\"elementor-column elementor-col-50 elementor-top-column elementor-element elementor-element-36a3e03e\" data-id=\"36a3e03e\" data-element_type=\"column\" data-e-type=\"column\">\n\t\t\t<div class=\"elementor-widget-wrap elementor-element-populated\">\n\t\t\t\t\t\t<div class=\"elementor-element elementor-element-b077373 elementor-widget elementor-widget-image-carousel\" data-id=\"b077373\" data-element_type=\"widget\" data-e-type=\"widget\" data-settings=\"{&quot;slides_to_show&quot;:&quot;1&quot;,&quot;navigation&quot;:&quot;none&quot;,&quot;autoplay&quot;:&quot;yes&quot;,&quot;pause_on_hover&quot;:&quot;yes&quot;,&quot;pause_on_interaction&quot;:&quot;yes&quot;,&quot;autoplay_speed&quot;:5000,&quot;infinite&quot;:&quot;yes&quot;,&quot;effect&quot;:&quot;slide&quot;,&quot;speed&quot;:500}\" data-widget_type=\"image-carousel.default\">\n\t\t\t\t<div class=\"elementor-widget-container\">\n\t\t\t\t\t\t\t<div class=\"elementor-image-carousel-wrapper swiper\" role=\"region\" aria-roledescription=\"carousel\" aria-label=\"Image Carousel\" dir=\"ltr\">\n\t\t\t<div class=\"elementor-image-carousel swiper-wrapper\" aria-live=\"off\">\n\t\t\t\t\t\t\t\t<div class=\"swiper-slide\" role=\"group\" aria-roledescription=\"slide\" aria-label=\"1 of 4\" data-no-translation-aria-label=\"\"><figure class=\"swiper-slide-inner\"><img decoding=\"async\" class=\"swiper-slide-image\" src=\"https:\/\/i0.wp.com\/citrussolutions.fi\/wp-content\/uploads\/2023\/05\/Ilmalan-keittiossa-2022-1.jpg?fit=1080%2C1080&amp;ssl=1\" alt=\"Citruslaisia Ilmalan keitti\u00f6ss\u00e4\" \/><\/figure><\/div><div class=\"swiper-slide\" role=\"group\" aria-roledescription=\"slide\" aria-label=\"2 of 4\" data-no-translation-aria-label=\"\"><figure class=\"swiper-slide-inner\"><img decoding=\"async\" class=\"swiper-slide-image\" src=\"https:\/\/i0.wp.com\/citrussolutions.fi\/wp-content\/uploads\/2023\/05\/Petteri-ja-Saara-esittelevat-asiaa.jpg?fit=1080%2C1080&amp;ssl=1\" alt=\"Petteri-ja-Saara-esittelev\u00e4t-asiaa\" \/><\/figure><\/div><div class=\"swiper-slide\" role=\"group\" aria-roledescription=\"slide\" aria-label=\"3 of 4\" data-no-translation-aria-label=\"\"><figure class=\"swiper-slide-inner\"><img decoding=\"async\" class=\"swiper-slide-image\" src=\"https:\/\/i0.wp.com\/citrussolutions.fi\/wp-content\/uploads\/2023\/05\/Minna-ja-Heidi-suunnittelevat-1-1.jpg?fit=1080%2C1080&amp;ssl=1\" alt=\"Minna-ja-Heidi-suunnittelevat-1\" \/><\/figure><\/div><div class=\"swiper-slide\" role=\"group\" aria-roledescription=\"slide\" aria-label=\"4 of 4\" data-no-translation-aria-label=\"\"><figure class=\"swiper-slide-inner\"><img decoding=\"async\" class=\"swiper-slide-image\" src=\"https:\/\/i0.wp.com\/citrussolutions.fi\/wp-content\/uploads\/2023\/05\/Citrus-karkkirasioita-valkoisessa-kulhossa.jpg?fit=1080%2C1080&amp;ssl=1\" alt=\"Citrus-karkkirasioita-valkoisessa-kulhossa\" \/><\/figure><\/div>\t\t\t<\/div>\n\t\t\t\t\t\t\t\n\t\t\t\t\t\t\t\t\t<\/div>\n\t\t\t\t\t\t<\/div>\n\t\t\t\t<\/div>\n\t\t\t\t\t<\/div>\n\t\t<\/div>\n\t\t\t\t<div class=\"elementor-column elementor-col-50 elementor-top-column elementor-element elementor-element-1f16ec48\" data-id=\"1f16ec48\" data-element_type=\"column\" data-e-type=\"column\">\n\t\t\t<div class=\"elementor-widget-wrap elementor-element-populated\">\n\t\t\t\t\t\t<div class=\"elementor-element elementor-element-7a32f15 elementor-widget elementor-widget-heading\" data-id=\"7a32f15\" data-element_type=\"widget\" data-e-type=\"widget\" data-widget_type=\"heading.default\">\n\t\t\t\t<div class=\"elementor-widget-container\">\n\t\t\t\t\t<h1 class=\"elementor-heading-title elementor-size-default\">Join our team?<\/h1>\t\t\t\t<\/div>\n\t\t\t\t<\/div>\n\t\t\t\t<div class=\"elementor-element elementor-element-25edf69 elementor-widget-divider--view-line elementor-widget elementor-widget-divider\" data-id=\"25edf69\" data-element_type=\"widget\" data-e-type=\"widget\" data-widget_type=\"divider.default\">\n\t\t\t\t<div class=\"elementor-widget-container\">\n\t\t\t\t\t\t\t<div class=\"elementor-divider\">\n\t\t\t<span class=\"elementor-divider-separator\">\n\t\t\t\t\t\t<\/span>\n\t\t<\/div>\n\t\t\t\t\t\t<\/div>\n\t\t\t\t<\/div>\n\t\t\t\t<div class=\"elementor-element elementor-element-4da49f4d elementor-widget elementor-widget-text-editor\" data-id=\"4da49f4d\" data-element_type=\"widget\" data-e-type=\"widget\" data-widget_type=\"text-editor.default\">\n\t\t\t\t<div class=\"elementor-widget-container\">\n\t\t\t\t\t\t\t\t\t<p>Are you interested in working for Citrus Solutions? Citrus is growing and evolving rapidly. We constantly look for new talents to join our Helsinki and Turku teams.<\/p><p>With us, you'll be involved in building intelligent digital services that have nationwide impact. Our work is guided by creative independent thinking and strong technological expertise \u2013 with an eye on the future. <br \/><br \/>Our foundation is trust. You'll have freedom to act and think according to your needs, but we work together as a team.<\/p>\t\t\t\t\t\t\t\t<\/div>\n\t\t\t\t<\/div>\n\t\t\t\t<div class=\"elementor-element elementor-element-2f60432 elementor-align-left elementor-widget elementor-widget-button\" data-id=\"2f60432\" data-element_type=\"widget\" data-e-type=\"widget\" data-settings=\"{&quot;_animation&quot;:&quot;none&quot;}\" data-widget_type=\"button.default\">\n\t\t\t\t<div class=\"elementor-widget-container\">\n\t\t\t\t\t\t\t\t\t<div class=\"elementor-button-wrapper\">\n\t\t\t\t\t<a class=\"elementor-button elementor-button-link elementor-size-sm\" href=\"https:\/\/www.citrus.fi\/toissa-meilla\" target=\"_blank\">\n\t\t\t\t\t\t<span class=\"elementor-button-content-wrapper\">\n\t\t\t\t\t\t<span class=\"elementor-button-icon\">\n\t\t\t\t<i aria-hidden=\"true\" class=\"fas fa-external-link-alt\"><\/i>\t\t\t<\/span>\n\t\t\t\t\t\t\t\t\t<span class=\"elementor-button-text\">Citrus ty\u00f6nantajana - lue lis\u00e4\u00e4<\/span>\n\t\t\t\t\t<\/span>\n\t\t\t\t\t<\/a>\n\t\t\t\t<\/div>\n\t\t\t\t\t\t\t\t<\/div>\n\t\t\t\t<\/div>\n\t\t\t\t\t<\/div>\n\t\t<\/div>\n\t\t\t\t\t<\/div>\n\t\t<\/section>\n\t\t\t\t<\/div>","protected":false},"excerpt":{"rendered":"<p>Citrus kasvaa ja kehittyy kovaa vauhtia, siksi etsimme jatkuvasti uusia asiantuntijoita sek\u00e4 Helsingin ett\u00e4 Turun tiimeihin.<\/p>","protected":false},"author":4,"featured_media":4124,"parent":0,"menu_order":0,"comment_status":"closed","ping_status":"closed","template":"","meta":{"content-type":"","_monsterinsights_skip_tracking":false,"_monsterinsights_sitenote_active":false,"_monsterinsights_sitenote_note":"","_monsterinsights_sitenote_category":0,"footnotes":""},"class_list":["post-413","page","type-page","status-publish","has-post-thumbnail","hentry"],"yoast_head":"<!-- This site is optimized with the Yoast SEO plugin v27.4 - https:\/\/yoast.com\/product\/yoast-seo-wordpress\/ -->\n<title>Rekrytointi - Citrus Solutions Oy<\/title>\n<meta name=\"description\" content=\"Citrus Solutions Oy - Rekrytointi %\" \/>\n<meta name=\"robots\" content=\"index, follow, max-snippet:-1, max-image-preview:large, max-video-preview:-1\" \/>\n<link rel=\"canonical\" href=\"https:\/\/citrussolutions.fi\/en\/rekrytointi\/\" \/>\n<meta property=\"og:locale\" content=\"en_GB\" \/>\n<meta property=\"og:type\" content=\"article\" \/>\n<meta property=\"og:title\" content=\"Rekrytointi - Citrus Solutions Oy\" \/>\n<meta property=\"og:description\" content=\"Citrus Solutions Oy - Rekrytointi %\" \/>\n<meta property=\"og:url\" content=\"https:\/\/citrussolutions.fi\/en\/rekrytointi\/\" \/>\n<meta property=\"og:site_name\" content=\"Citrus Solutions Oy\" \/>\n<meta property=\"article:publisher\" content=\"https:\/\/www.facebook.com\/citrusfi\" \/>\n<meta property=\"article:modified_time\" content=\"2024-12-16T13:44:11+00:00\" \/>\n<meta property=\"og:image\" content=\"https:\/\/citrussolutions.fi\/wp-content\/uploads\/2023\/04\/Minna-ja-Heidi-suunnittelee-scaled.jpg\" \/>\n\t<meta property=\"og:image:width\" content=\"2560\" \/>\n\t<meta property=\"og:image:height\" content=\"1708\" \/>\n\t<meta property=\"og:image:type\" content=\"image\/jpeg\" \/>\n<meta name=\"twitter:card\" content=\"summary_large_image\" \/>\n<meta name=\"twitter:site\" content=\"@citrusfi\" \/>\n<meta name=\"twitter:label1\" content=\"Estimated reading time\" \/>\n\t<meta name=\"twitter:data1\" content=\"2 minutes\" \/>\n<script type=\"application\/ld+json\" class=\"yoast-schema-graph\">{\"@context\":\"https:\\\/\\\/schema.org\",\"@graph\":[{\"@type\":\"WebPage\",\"@id\":\"https:\\\/\\\/citrussolutions.fi\\\/rekrytointi\\\/\",\"url\":\"https:\\\/\\\/citrussolutions.fi\\\/rekrytointi\\\/\",\"name\":\"Rekrytointi - Citrus Solutions Oy\",\"isPartOf\":{\"@id\":\"https:\\\/\\\/citrussolutions.fi\\\/#website\"},\"primaryImageOfPage\":{\"@id\":\"https:\\\/\\\/citrussolutions.fi\\\/rekrytointi\\\/#primaryimage\"},\"image\":{\"@id\":\"https:\\\/\\\/citrussolutions.fi\\\/rekrytointi\\\/#primaryimage\"},\"thumbnailUrl\":\"https:\\\/\\\/i0.wp.com\\\/citrussolutions.fi\\\/wp-content\\\/uploads\\\/2023\\\/04\\\/Minna-ja-Heidi-suunnittelee-scaled.jpg?fit=2560%2C1708&ssl=1\",\"datePublished\":\"2023-04-24T08:07:01+00:00\",\"dateModified\":\"2024-12-16T13:44:11+00:00\",\"description\":\"Citrus Solutions Oy - Rekrytointi %\",\"breadcrumb\":{\"@id\":\"https:\\\/\\\/citrussolutions.fi\\\/rekrytointi\\\/#breadcrumb\"},\"inLanguage\":\"en-GB\",\"potentialAction\":[{\"@type\":\"ReadAction\",\"target\":[\"https:\\\/\\\/citrussolutions.fi\\\/rekrytointi\\\/\"]}]},{\"@type\":\"ImageObject\",\"inLanguage\":\"en-GB\",\"@id\":\"https:\\\/\\\/citrussolutions.fi\\\/rekrytointi\\\/#primaryimage\",\"url\":\"https:\\\/\\\/i0.wp.com\\\/citrussolutions.fi\\\/wp-content\\\/uploads\\\/2023\\\/04\\\/Minna-ja-Heidi-suunnittelee-scaled.jpg?fit=2560%2C1708&ssl=1\",\"contentUrl\":\"https:\\\/\\\/i0.wp.com\\\/citrussolutions.fi\\\/wp-content\\\/uploads\\\/2023\\\/04\\\/Minna-ja-Heidi-suunnittelee-scaled.jpg?fit=2560%2C1708&ssl=1\",\"width\":2560,\"height\":1708,\"caption\":\"Kuvituskuva: Citruslaiset suunnittelevat\"},{\"@type\":\"BreadcrumbList\",\"@id\":\"https:\\\/\\\/citrussolutions.fi\\\/rekrytointi\\\/#breadcrumb\",\"itemListElement\":[{\"@type\":\"ListItem\",\"position\":1,\"name\":\"Etusivu\",\"item\":\"https:\\\/\\\/citrussolutions.fi\\\/\"},{\"@type\":\"ListItem\",\"position\":2,\"name\":\"Rekrytointi\"}]},{\"@type\":\"WebSite\",\"@id\":\"https:\\\/\\\/citrussolutions.fi\\\/#website\",\"url\":\"https:\\\/\\\/citrussolutions.fi\\\/\",\"name\":\"Citrus Solutions\",\"description\":\"Citrus Solutions, osa citrus-konsernia.\",\"publisher\":{\"@id\":\"https:\\\/\\\/citrussolutions.fi\\\/#organization\"},\"potentialAction\":[{\"@type\":\"SearchAction\",\"target\":{\"@type\":\"EntryPoint\",\"urlTemplate\":\"https:\\\/\\\/citrussolutions.fi\\\/?s={search_term_string}\"},\"query-input\":{\"@type\":\"PropertyValueSpecification\",\"valueRequired\":true,\"valueName\":\"search_term_string\"}}],\"inLanguage\":\"en-GB\"},{\"@type\":\"Organization\",\"@id\":\"https:\\\/\\\/citrussolutions.fi\\\/#organization\",\"name\":\"Citrus Solutions Oy\",\"url\":\"https:\\\/\\\/citrussolutions.fi\\\/\",\"logo\":{\"@type\":\"ImageObject\",\"inLanguage\":\"en-GB\",\"@id\":\"https:\\\/\\\/citrussolutions.fi\\\/#\\\/schema\\\/logo\\\/image\\\/\",\"url\":\"https:\\\/\\\/citrussolutions.fi\\\/wp-content\\\/uploads\\\/2023\\\/04\\\/logo-citrus.svg\",\"contentUrl\":\"https:\\\/\\\/citrussolutions.fi\\\/wp-content\\\/uploads\\\/2023\\\/04\\\/logo-citrus.svg\",\"width\":209,\"height\":42,\"caption\":\"Citrus Solutions Oy\"},\"image\":{\"@id\":\"https:\\\/\\\/citrussolutions.fi\\\/#\\\/schema\\\/logo\\\/image\\\/\"},\"sameAs\":[\"https:\\\/\\\/www.facebook.com\\\/citrusfi\",\"https:\\\/\\\/x.com\\\/citrusfi\",\"https:\\\/\\\/www.linkedin.com\\\/company\\\/citrus-oy\\\/\",\"https:\\\/\\\/www.instagram.com\\\/citrusfi\\\/\"]}]}<\/script>\n<!-- \/ Yoast SEO plugin. -->","yoast_head_json":{"title":"Rekrytointi - Citrus Solutions Oy","description":"Citrus Solutions Oy - Rekrytointi %","robots":{"index":"index","follow":"follow","max-snippet":"max-snippet:-1","max-image-preview":"max-image-preview:large","max-video-preview":"max-video-preview:-1"},"canonical":"https:\/\/citrussolutions.fi\/en\/rekrytointi\/","og_locale":"en_GB","og_type":"article","og_title":"Rekrytointi - Citrus Solutions Oy","og_description":"Citrus Solutions Oy - Rekrytointi %","og_url":"https:\/\/citrussolutions.fi\/en\/rekrytointi\/","og_site_name":"Citrus Solutions Oy","article_publisher":"https:\/\/www.facebook.com\/citrusfi","article_modified_time":"2024-12-16T13:44:11+00:00","og_image":[{"width":2560,"height":1708,"url":"https:\/\/citrussolutions.fi\/wp-content\/uploads\/2023\/04\/Minna-ja-Heidi-suunnittelee-scaled.jpg","type":"image\/jpeg"}],"twitter_card":"summary_large_image","twitter_site":"@citrusfi","twitter_misc":{"Estimated reading time":"2 minutes"},"schema":{"@context":"https:\/\/schema.org","@graph":[{"@type":"WebPage","@id":"https:\/\/citrussolutions.fi\/rekrytointi\/","url":"https:\/\/citrussolutions.fi\/rekrytointi\/","name":"Rekrytointi - Citrus Solutions Oy","isPartOf":{"@id":"https:\/\/citrussolutions.fi\/#website"},"primaryImageOfPage":{"@id":"https:\/\/citrussolutions.fi\/rekrytointi\/#primaryimage"},"image":{"@id":"https:\/\/citrussolutions.fi\/rekrytointi\/#primaryimage"},"thumbnailUrl":"https:\/\/i0.wp.com\/citrussolutions.fi\/wp-content\/uploads\/2023\/04\/Minna-ja-Heidi-suunnittelee-scaled.jpg?fit=2560%2C1708&ssl=1","datePublished":"2023-04-24T08:07:01+00:00","dateModified":"2024-12-16T13:44:11+00:00","description":"Citrus Solutions Oy - Rekrytointi %","breadcrumb":{"@id":"https:\/\/citrussolutions.fi\/rekrytointi\/#breadcrumb"},"inLanguage":"en-GB","potentialAction":[{"@type":"ReadAction","target":["https:\/\/citrussolutions.fi\/rekrytointi\/"]}]},{"@type":"ImageObject","inLanguage":"en-GB","@id":"https:\/\/citrussolutions.fi\/rekrytointi\/#primaryimage","url":"https:\/\/i0.wp.com\/citrussolutions.fi\/wp-content\/uploads\/2023\/04\/Minna-ja-Heidi-suunnittelee-scaled.jpg?fit=2560%2C1708&ssl=1","contentUrl":"https:\/\/i0.wp.com\/citrussolutions.fi\/wp-content\/uploads\/2023\/04\/Minna-ja-Heidi-suunnittelee-scaled.jpg?fit=2560%2C1708&ssl=1","width":2560,"height":1708,"caption":"Kuvituskuva: Citruslaiset suunnittelevat"},{"@type":"BreadcrumbList","@id":"https:\/\/citrussolutions.fi\/rekrytointi\/#breadcrumb","itemListElement":[{"@type":"ListItem","position":1,"name":"Etusivu","item":"https:\/\/citrussolutions.fi\/"},{"@type":"ListItem","position":2,"name":"Rekrytointi"}]},{"@type":"WebSite","@id":"https:\/\/citrussolutions.fi\/#website","url":"https:\/\/citrussolutions.fi\/","name":"Citrus Solutions","description":"Citrus Solutions, osa citrus-konsernia.","publisher":{"@id":"https:\/\/citrussolutions.fi\/#organization"},"potentialAction":[{"@type":"SearchAction","target":{"@type":"EntryPoint","urlTemplate":"https:\/\/citrussolutions.fi\/?s={search_term_string}"},"query-input":{"@type":"PropertyValueSpecification","valueRequired":true,"valueName":"search_term_string"}}],"inLanguage":"en-GB"},{"@type":"Organization","@id":"https:\/\/citrussolutions.fi\/#organization","name":"Citrus Solutions Oy","url":"https:\/\/citrussolutions.fi\/","logo":{"@type":"ImageObject","inLanguage":"en-GB","@id":"https:\/\/citrussolutions.fi\/#\/schema\/logo\/image\/","url":"https:\/\/citrussolutions.fi\/wp-content\/uploads\/2023\/04\/logo-citrus.svg","contentUrl":"https:\/\/citrussolutions.fi\/wp-content\/uploads\/2023\/04\/logo-citrus.svg","width":209,"height":42,"caption":"Citrus Solutions Oy"},"image":{"@id":"https:\/\/citrussolutions.fi\/#\/schema\/logo\/image\/"},"sameAs":["https:\/\/www.facebook.com\/citrusfi","https:\/\/x.com\/citrusfi","https:\/\/www.linkedin.com\/company\/citrus-oy\/","https:\/\/www.instagram.com\/citrusfi\/"]}]}},"_links":{"self":[{"href":"https:\/\/citrussolutions.fi\/en\/wp-json\/wp\/v2\/pages\/413","targetHints":{"allow":["GET"]}}],"collection":[{"href":"https:\/\/citrussolutions.fi\/en\/wp-json\/wp\/v2\/pages"}],"about":[{"href":"https:\/\/citrussolutions.fi\/en\/wp-json\/wp\/v2\/types\/page"}],"author":[{"embeddable":true,"href":"https:\/\/citrussolutions.fi\/en\/wp-json\/wp\/v2\/users\/4"}],"replies":[{"embeddable":true,"href":"https:\/\/citrussolutions.fi\/en\/wp-json\/wp\/v2\/comments?post=413"}],"version-history":[{"count":148,"href":"https:\/\/citrussolutions.fi\/en\/wp-json\/wp\/v2\/pages\/413\/revisions"}],"predecessor-version":[{"id":6536,"href":"https:\/\/citrussolutions.fi\/en\/wp-json\/wp\/v2\/pages\/413\/revisions\/6536"}],"wp:featuredmedia":[{"embeddable":true,"href":"https:\/\/citrussolutions.fi\/en\/wp-json\/wp\/v2\/media\/4124"}],"wp:attachment":[{"href":"https:\/\/citrussolutions.fi\/en\/wp-json\/wp\/v2\/media?parent=413"}],"curies":[{"name":"wp","href":"https:\/\/api.w.org\/{rel}","templated":true}]}}