{"id":3621,"date":"2023-05-31T16:04:56","date_gmt":"2023-05-31T13:04:56","guid":{"rendered":"https:\/\/citrussolutionsfi-prod.citrus.dev\/?page_id=3621"},"modified":"2024-08-02T09:30:59","modified_gmt":"2024-08-02T06:30:59","slug":"asiantuntijat","status":"publish","type":"page","link":"https:\/\/citrussolutions.fi\/en\/asiantuntijat\/","title":{"rendered":"Experts"},"content":{"rendered":"<div data-elementor-type=\"wp-page\" data-elementor-id=\"3621\" class=\"elementor elementor-3621\" data-elementor-post-type=\"page\">\n\t\t\t\t\t\t<section class=\"elementor-section elementor-top-section elementor-element elementor-element-671dc34 elementor-section-boxed elementor-section-height-default elementor-section-height-default\" data-id=\"671dc34\" data-element_type=\"section\" data-e-type=\"section\">\n\t\t\t\t\t\t<div class=\"elementor-container elementor-column-gap-default\">\n\t\t\t\t\t<div class=\"elementor-column elementor-col-100 elementor-top-column elementor-element elementor-element-abde3b\" data-id=\"abde3b\" data-element_type=\"column\" data-e-type=\"column\">\n\t\t\t<div class=\"elementor-widget-wrap elementor-element-populated\">\n\t\t\t\t\t\t<div class=\"elementor-element elementor-element-d10773b elementor-widget elementor-widget-image\" data-id=\"d10773b\" data-element_type=\"widget\" data-e-type=\"widget\" data-widget_type=\"image.default\">\n\t\t\t\t<div class=\"elementor-widget-container\">\n\t\t\t\t\t\t\t\t\t\t\t\t\t\t\t<img fetchpriority=\"high\" decoding=\"async\" width=\"800\" height=\"800\" src=\"https:\/\/i0.wp.com\/citrussolutions.fi\/wp-content\/uploads\/2023\/05\/Minna-ja-Heidi-suunnittelevat-1-1.jpg?fit=800%2C800&amp;ssl=1\" class=\"attachment-large size-large wp-image-3150\" alt=\"\" srcset=\"https:\/\/i0.wp.com\/citrussolutions.fi\/wp-content\/uploads\/2023\/05\/Minna-ja-Heidi-suunnittelevat-1-1.jpg?w=1080&amp;ssl=1 1080w, https:\/\/i0.wp.com\/citrussolutions.fi\/wp-content\/uploads\/2023\/05\/Minna-ja-Heidi-suunnittelevat-1-1.jpg?resize=300%2C300&amp;ssl=1 300w, https:\/\/i0.wp.com\/citrussolutions.fi\/wp-content\/uploads\/2023\/05\/Minna-ja-Heidi-suunnittelevat-1-1.jpg?resize=1024%2C1024&amp;ssl=1 1024w, https:\/\/i0.wp.com\/citrussolutions.fi\/wp-content\/uploads\/2023\/05\/Minna-ja-Heidi-suunnittelevat-1-1.jpg?resize=150%2C150&amp;ssl=1 150w, https:\/\/i0.wp.com\/citrussolutions.fi\/wp-content\/uploads\/2023\/05\/Minna-ja-Heidi-suunnittelevat-1-1.jpg?resize=768%2C768&amp;ssl=1 768w\" sizes=\"(max-width: 800px) 100vw, 800px\" \/>\t\t\t\t\t\t\t\t\t\t\t\t\t\t\t<\/div>\n\t\t\t\t<\/div>\n\t\t\t\t<div class=\"elementor-element elementor-element-425a5392 elementor-widget elementor-widget-heading\" data-id=\"425a5392\" data-element_type=\"widget\" data-e-type=\"widget\" data-widget_type=\"heading.default\">\n\t\t\t\t<div class=\"elementor-widget-container\">\n\t\t\t\t\t<h2 class=\"elementor-heading-title elementor-size-default\">Confidence to achieve goals<\/h2>\t\t\t\t<\/div>\n\t\t\t\t<\/div>\n\t\t\t\t<div class=\"elementor-element elementor-element-2b50812e elementor-widget elementor-widget-text-editor\" data-id=\"2b50812e\" data-element_type=\"widget\" data-e-type=\"widget\" data-widget_type=\"text-editor.default\">\n\t\t\t\t<div class=\"elementor-widget-container\">\n\t\t\t\t\t\t\t\t\t<p>Experts help define the right path to digitalization while working closely with you.<\/p>\t\t\t\t\t\t\t\t<\/div>\n\t\t\t\t<\/div>\n\t\t\t\t<div class=\"elementor-element elementor-element-7f159824 elementor-widget elementor-widget-text-editor\" data-id=\"7f159824\" data-element_type=\"widget\" data-e-type=\"widget\" data-widget_type=\"text-editor.default\">\n\t\t\t\t<div class=\"elementor-widget-container\">\n\t\t\t\t\t\t\t\t\t<ul><li>Enterprise Architecture<\/li><li>Information Architecture<\/li><li>Project Management<\/li><li>SCRUM, data modelling, ArchiMate<\/li><\/ul>\t\t\t\t\t\t\t\t<\/div>\n\t\t\t\t<\/div>\n\t\t\t\t<div class=\"elementor-element elementor-element-8376755 elementor-widget elementor-widget-heading\" data-id=\"8376755\" data-element_type=\"widget\" data-e-type=\"widget\" data-widget_type=\"heading.default\">\n\t\t\t\t<div class=\"elementor-widget-container\">\n\t\t\t\t\t<h2 class=\"elementor-heading-title elementor-size-default\">Enterprise and Data Architecture helps to plan out:<\/h2>\t\t\t\t<\/div>\n\t\t\t\t<\/div>\n\t\t\t\t<div class=\"elementor-element elementor-element-c5fe3fa elementor-widget elementor-widget-text-editor\" data-id=\"c5fe3fa\" data-element_type=\"widget\" data-e-type=\"widget\" data-widget_type=\"text-editor.default\">\n\t\t\t\t<div class=\"elementor-widget-container\">\n\t\t\t\t\t\t\t\t\t<p>Processes related to IT projects, information modeling and the big picture in general before choosing the actual systems. The experts of Citrus function smoothly between the business and the technical team as an interpreter, formulating the needs of the business into a concrete technical implementation.<\/p>\t\t\t\t\t\t\t\t<\/div>\n\t\t\t\t<\/div>\n\t\t\t\t<div class=\"elementor-element elementor-element-50ca7892 elementor-blockquote--skin-quotation elementor-blockquote--align-left elementor-widget elementor-widget-blockquote\" data-id=\"50ca7892\" data-element_type=\"widget\" data-e-type=\"widget\" data-widget_type=\"blockquote.default\">\n\t\t\t\t<div class=\"elementor-widget-container\">\n\t\t\t\t\t\t\t<blockquote class=\"elementor-blockquote\">\n\t\t\t<p class=\"elementor-blockquote__content\">\n\t\t\t\tBy renewing an enterprise's architecture, we aim for a faster and more cost-effective entity, which is conceptually more functional and contains less repetition. The financial goal is streamlining the implementation of business changes and better operational reliability.\t\t\t<\/p>\n\t\t\t\t\t<\/blockquote>\n\t\t\t\t\t\t<\/div>\n\t\t\t\t<\/div>\n\t\t\t\t<div class=\"elementor-element elementor-element-9aa87d8 elementor-widget elementor-widget-heading\" data-id=\"9aa87d8\" data-element_type=\"widget\" data-e-type=\"widget\" data-widget_type=\"heading.default\">\n\t\t\t\t<div class=\"elementor-widget-container\">\n\t\t\t\t\t<h2 class=\"elementor-heading-title elementor-size-default\">Through our Project Management service you choose to have:<\/h2>\t\t\t\t<\/div>\n\t\t\t\t<\/div>\n\t\t\t\t<div class=\"elementor-element elementor-element-9a61e72 elementor-widget elementor-widget-text-editor\" data-id=\"9a61e72\" data-element_type=\"widget\" data-e-type=\"widget\" data-widget_type=\"text-editor.default\">\n\t\t\t\t<div class=\"elementor-widget-container\">\n\t\t\t\t\t\t\t\t\t<ul><li><strong>A technical project manager,<\/strong>who speaks the same language as the technical team and also works handles hands-on with the clients team.<\/li><li><strong>A Scrum Master<\/strong>who ensures that the methods of Agile Development are used within the project. They make sure the development team has the necessary understanding, knowledge and capabilities to complete the project.<\/li><\/ul>\t\t\t\t\t\t\t\t<\/div>\n\t\t\t\t<\/div>\n\t\t\t\t<div class=\"elementor-element elementor-element-d8d050a elementor-widget elementor-widget-heading\" data-id=\"d8d050a\" data-element_type=\"widget\" data-e-type=\"widget\" data-widget_type=\"heading.default\">\n\t\t\t\t<div class=\"elementor-widget-container\">\n\t\t\t\t\t<h2 class=\"elementor-heading-title elementor-size-default\">Asiantunteva palvelup\u00e4\u00e4llikk\u00f6 takaa laadukkaan yhteisty\u00f6n<\/h2>\t\t\t\t<\/div>\n\t\t\t\t<\/div>\n\t\t\t\t<div class=\"elementor-element elementor-element-2b3e4b3 elementor-widget elementor-widget-text-editor\" data-id=\"2b3e4b3\" data-element_type=\"widget\" data-e-type=\"widget\" data-widget_type=\"text-editor.default\">\n\t\t\t\t<div class=\"elementor-widget-container\">\n\t\t\t\t\t\t\t\t\t<p>Palvelup\u00e4\u00e4llik\u00f6ll\u00e4 on keskeinen rooli yll\u00e4pitoty\u00f6n ohjaamisessa. H\u00e4n varmistaa, ett\u00e4 tuotettava palvelu vastaa asiakkaan tarpeita ja toiveita, koordinoi kehitystiimin ty\u00f6t\u00e4 ja pit\u00e4\u00e4 asiakasta ajan tasalla. Palvelup\u00e4\u00e4llik\u00f6n teht\u00e4viin kuuluu:<\/p><ul class=\"p-rich_text_list p-rich_text_list__bullet\" data-stringify-type=\"unordered-list\" data-indent=\"0\" data-border=\"1\" data-border-radius-top-cap=\"0\" data-border-radius-bottom-cap=\"0\"><li data-stringify-indent=\"0\" data-stringify-border=\"1\">asiakkaan ja Citruksen v\u00e4lisen yhteisty\u00f6n aktiivinen yhteydenpito.<\/li><li data-stringify-indent=\"0\" data-stringify-border=\"1\">jatkokehityksen koordinointi.<\/li><li data-stringify-indent=\"0\" data-stringify-border=\"1\">s\u00e4\u00e4nn\u00f6llinen raportointi ty\u00f6n etenemisest\u00e4.<\/li><li data-stringify-indent=\"0\" data-stringify-border=\"1\">asiakastapaamiset sovituin aikav\u00e4lein asiakkaan tarpeiden ja tavoitteiden t\u00e4ytt\u00e4miseksi.<\/li><\/ul><p><br \/>Palvelup\u00e4\u00e4llikk\u00f6 on t\u00e4rke\u00e4 henkil\u00f6 my\u00f6s siirrett\u00e4ess\u00e4 verkkopalvelun kehitys- ja yll\u00e4pitoty\u00f6t\u00e4 uudelle kumppanille.<a class=\"c-link c-link--underline\" href=\"https:\/\/citrussolutions.fi\/en\/verkkopalvelut\/verkkopalvelun-siirto-uudelle-kumppanille\/\" rel=\"noopener noreferrer\" data-stringify-link=\"https:\/\/citrussolutions.fi\/verkkopalvelut\/verkkopalvelun-siirto-uudelle-kumppanille\/\" data-sk=\"tooltip_parent\"> Read more<\/a>!<\/p>\t\t\t\t\t\t\t\t<\/div>\n\t\t\t\t<\/div>\n\t\t\t\t\t<\/div>\n\t\t<\/div>\n\t\t\t\t\t<\/div>\n\t\t<\/section>\n\t\t\t\t<section class=\"elementor-section elementor-top-section elementor-element elementor-element-6ef1c33 elementor-section-content-middle elementor-section-boxed elementor-section-height-default elementor-section-height-default\" data-id=\"6ef1c33\" data-element_type=\"section\" data-e-type=\"section\" data-settings=\"{&quot;background_background&quot;:&quot;classic&quot;}\">\n\t\t\t\t\t\t<div class=\"elementor-container elementor-column-gap-no\">\n\t\t\t\t\t<div class=\"elementor-column elementor-col-100 elementor-top-column elementor-element elementor-element-6813c8f\" data-id=\"6813c8f\" data-element_type=\"column\" data-e-type=\"column\">\n\t\t\t<div class=\"elementor-widget-wrap elementor-element-populated\">\n\t\t\t\t\t\t<div class=\"elementor-element elementor-element-533426a elementor-position-left elementor-vertical-align-middle elementor-widget elementor-widget-image-box\" data-id=\"533426a\" data-element_type=\"widget\" data-e-type=\"widget\" data-widget_type=\"image-box.default\">\n\t\t\t\t<div class=\"elementor-widget-container\">\n\t\t\t\t\t<div class=\"elementor-image-box-wrapper\"><figure class=\"elementor-image-box-img\"><img decoding=\"async\" width=\"300\" height=\"300\" src=\"https:\/\/i0.wp.com\/citrussolutions.fi\/wp-content\/uploads\/2023\/05\/Joni-Pinomaki.jpg?fit=300%2C300&amp;ssl=1\" class=\"attachment-full size-full wp-image-3523\" alt=\"Henkil\u00f6kuva: Joni Pinom\u00e4ki\" srcset=\"https:\/\/i0.wp.com\/citrussolutions.fi\/wp-content\/uploads\/2023\/05\/Joni-Pinomaki.jpg?w=300&amp;ssl=1 300w, https:\/\/i0.wp.com\/citrussolutions.fi\/wp-content\/uploads\/2023\/05\/Joni-Pinomaki.jpg?resize=150%2C150&amp;ssl=1 150w\" sizes=\"(max-width: 300px) 100vw, 300px\" \/><\/figure><div class=\"elementor-image-box-content\"><h3 class=\"elementor-image-box-title\">Joni Pinom\u00e4ki<\/h3><p class=\"elementor-image-box-description\">Chief Operating Officer, ohjelmistokehitys<\/p><\/div><\/div>\t\t\t\t<\/div>\n\t\t\t\t<\/div>\n\t\t\t\t<div class=\"elementor-element elementor-element-1360965 elementor-widget elementor-widget-text-editor\" data-id=\"1360965\" data-element_type=\"widget\" data-e-type=\"widget\" data-widget_type=\"text-editor.default\">\n\t\t\t\t<div class=\"elementor-widget-container\">\n\t\t\t\t\t\t\t\t\t<p><span style=\"text-align: center;\">Ask me about Web Services, Software Development, and the scout activities.<\/span><\/p>\t\t\t\t\t\t\t\t<\/div>\n\t\t\t\t<\/div>\n\t\t\t\t<div class=\"elementor-element elementor-element-3fa2fcf e-grid-align-left e-grid-align-mobile-center elementor-shape-rounded elementor-grid-0 elementor-widget elementor-widget-social-icons\" data-id=\"3fa2fcf\" data-element_type=\"widget\" data-e-type=\"widget\" data-widget_type=\"social-icons.default\">\n\t\t\t\t<div class=\"elementor-widget-container\">\n\t\t\t\t\t\t\t<div class=\"elementor-social-icons-wrapper elementor-grid\" role=\"list\">\n\t\t\t\t\t\t\t<span class=\"elementor-grid-item\" role=\"listitem\">\n\t\t\t\t\t<a class=\"elementor-icon elementor-social-icon elementor-social-icon-envelope elementor-animation-grow elementor-repeater-item-8b93740\" href=\"mailto:joni.pinomaki@citrus.fi\" target=\"_blank\">\n\t\t\t\t\t\t<span class=\"elementor-screen-only\">Envelope<\/span>\n\t\t\t\t\t\t<i aria-hidden=\"true\" class=\"fas fa-envelope\"><\/i>\t\t\t\t\t<\/a>\n\t\t\t\t<\/span>\n\t\t\t\t\t\t\t<span class=\"elementor-grid-item\" role=\"listitem\">\n\t\t\t\t\t<a class=\"elementor-icon elementor-social-icon elementor-social-icon-phone-square-alt elementor-animation-grow elementor-repeater-item-d2b7695\" href=\"tel:+358503878561\" target=\"_blank\">\n\t\t\t\t\t\t<span class=\"elementor-screen-only\">Phone-square-alt<\/span>\n\t\t\t\t\t\t<i aria-hidden=\"true\" class=\"fas fa-phone-square-alt\"><\/i>\t\t\t\t\t<\/a>\n\t\t\t\t<\/span>\n\t\t\t\t\t\t\t<span class=\"elementor-grid-item\" role=\"listitem\">\n\t\t\t\t\t<a class=\"elementor-icon elementor-social-icon elementor-social-icon-linkedin elementor-animation-grow elementor-repeater-item-f10650d\" href=\"https:\/\/www.linkedin.com\/in\/joni-pinomaki-471850\/\" target=\"_blank\">\n\t\t\t\t\t\t<span class=\"elementor-screen-only\">Linkedin<\/span>\n\t\t\t\t\t\t<i aria-hidden=\"true\" class=\"fab fa-linkedin\"><\/i>\t\t\t\t\t<\/a>\n\t\t\t\t<\/span>\n\t\t\t\t\t<\/div>\n\t\t\t\t\t\t<\/div>\n\t\t\t\t<\/div>\n\t\t\t\t\t<\/div>\n\t\t<\/div>\n\t\t\t\t\t<\/div>\n\t\t<\/section>\n\t\t\t\t<\/div>","protected":false},"excerpt":{"rendered":"<p>Experience provides security in projects of all sizes. Our experts use a people-oriented approach to ensure project success. <\/p>","protected":false},"author":4,"featured_media":3410,"parent":0,"menu_order":0,"comment_status":"closed","ping_status":"closed","template":"elementor_theme","meta":{"content-type":"","_monsterinsights_skip_tracking":false,"_monsterinsights_sitenote_active":false,"_monsterinsights_sitenote_note":"","_monsterinsights_sitenote_category":0,"footnotes":""},"class_list":["post-3621","page","type-page","status-publish","has-post-thumbnail","hentry"],"yoast_head":"<!-- This site is optimized with the Yoast SEO plugin v27.4 - https:\/\/yoast.com\/product\/yoast-seo-wordpress\/ -->\n<title>Asiantuntijat - Citrus Solutions Oy<\/title>\n<meta name=\"description\" content=\"Citrus Solutions Oy - Asiantuntijat %\" \/>\n<meta name=\"robots\" content=\"index, follow, max-snippet:-1, max-image-preview:large, max-video-preview:-1\" \/>\n<link rel=\"canonical\" href=\"https:\/\/citrussolutions.fi\/en\/asiantuntijat\/\" \/>\n<meta property=\"og:locale\" content=\"en_GB\" \/>\n<meta property=\"og:type\" content=\"article\" \/>\n<meta property=\"og:title\" content=\"Asiantuntijat - Citrus Solutions Oy\" \/>\n<meta property=\"og:description\" content=\"Citrus Solutions Oy - Asiantuntijat %\" \/>\n<meta property=\"og:url\" content=\"https:\/\/citrussolutions.fi\/en\/asiantuntijat\/\" \/>\n<meta property=\"og:site_name\" content=\"Citrus Solutions Oy\" \/>\n<meta property=\"article:publisher\" content=\"https:\/\/www.facebook.com\/citrusfi\" \/>\n<meta property=\"article:modified_time\" content=\"2024-08-02T06:30:59+00:00\" \/>\n<meta property=\"og:image\" content=\"https:\/\/citrussolutions.fi\/wp-content\/uploads\/2023\/05\/Karkkirasioita-kulhossa-vasemmalla.jpg\" \/>\n\t<meta property=\"og:image:width\" content=\"2000\" \/>\n\t<meta property=\"og:image:height\" content=\"600\" \/>\n\t<meta property=\"og:image:type\" content=\"image\/jpeg\" \/>\n<meta name=\"twitter:card\" content=\"summary_large_image\" \/>\n<meta name=\"twitter:site\" content=\"@citrusfi\" \/>\n<meta name=\"twitter:label1\" content=\"Estimated reading time\" \/>\n\t<meta name=\"twitter:data1\" content=\"2 minutes\" \/>\n<script type=\"application\/ld+json\" class=\"yoast-schema-graph\">{\"@context\":\"https:\\\/\\\/schema.org\",\"@graph\":[{\"@type\":\"WebPage\",\"@id\":\"https:\\\/\\\/citrussolutions.fi\\\/asiantuntijat\\\/\",\"url\":\"https:\\\/\\\/citrussolutions.fi\\\/asiantuntijat\\\/\",\"name\":\"Asiantuntijat - Citrus Solutions Oy\",\"isPartOf\":{\"@id\":\"https:\\\/\\\/citrussolutions.fi\\\/#website\"},\"primaryImageOfPage\":{\"@id\":\"https:\\\/\\\/citrussolutions.fi\\\/asiantuntijat\\\/#primaryimage\"},\"image\":{\"@id\":\"https:\\\/\\\/citrussolutions.fi\\\/asiantuntijat\\\/#primaryimage\"},\"thumbnailUrl\":\"https:\\\/\\\/i0.wp.com\\\/citrussolutions.fi\\\/wp-content\\\/uploads\\\/2023\\\/05\\\/Karkkirasioita-kulhossa-vasemmalla.jpg?fit=2000%2C600&ssl=1\",\"datePublished\":\"2023-05-31T13:04:56+00:00\",\"dateModified\":\"2024-08-02T06:30:59+00:00\",\"description\":\"Citrus Solutions Oy - Asiantuntijat %\",\"breadcrumb\":{\"@id\":\"https:\\\/\\\/citrussolutions.fi\\\/asiantuntijat\\\/#breadcrumb\"},\"inLanguage\":\"en-GB\",\"potentialAction\":[{\"@type\":\"ReadAction\",\"target\":[\"https:\\\/\\\/citrussolutions.fi\\\/asiantuntijat\\\/\"]}]},{\"@type\":\"ImageObject\",\"inLanguage\":\"en-GB\",\"@id\":\"https:\\\/\\\/citrussolutions.fi\\\/asiantuntijat\\\/#primaryimage\",\"url\":\"https:\\\/\\\/i0.wp.com\\\/citrussolutions.fi\\\/wp-content\\\/uploads\\\/2023\\\/05\\\/Karkkirasioita-kulhossa-vasemmalla.jpg?fit=2000%2C600&ssl=1\",\"contentUrl\":\"https:\\\/\\\/i0.wp.com\\\/citrussolutions.fi\\\/wp-content\\\/uploads\\\/2023\\\/05\\\/Karkkirasioita-kulhossa-vasemmalla.jpg?fit=2000%2C600&ssl=1\",\"width\":2000,\"height\":600},{\"@type\":\"BreadcrumbList\",\"@id\":\"https:\\\/\\\/citrussolutions.fi\\\/asiantuntijat\\\/#breadcrumb\",\"itemListElement\":[{\"@type\":\"ListItem\",\"position\":1,\"name\":\"Etusivu\",\"item\":\"https:\\\/\\\/citrussolutions.fi\\\/\"},{\"@type\":\"ListItem\",\"position\":2,\"name\":\"Asiantuntijat\"}]},{\"@type\":\"WebSite\",\"@id\":\"https:\\\/\\\/citrussolutions.fi\\\/#website\",\"url\":\"https:\\\/\\\/citrussolutions.fi\\\/\",\"name\":\"Citrus Solutions\",\"description\":\"Citrus Solutions, osa citrus-konsernia.\",\"publisher\":{\"@id\":\"https:\\\/\\\/citrussolutions.fi\\\/#organization\"},\"potentialAction\":[{\"@type\":\"SearchAction\",\"target\":{\"@type\":\"EntryPoint\",\"urlTemplate\":\"https:\\\/\\\/citrussolutions.fi\\\/?s={search_term_string}\"},\"query-input\":{\"@type\":\"PropertyValueSpecification\",\"valueRequired\":true,\"valueName\":\"search_term_string\"}}],\"inLanguage\":\"en-GB\"},{\"@type\":\"Organization\",\"@id\":\"https:\\\/\\\/citrussolutions.fi\\\/#organization\",\"name\":\"Citrus Solutions Oy\",\"url\":\"https:\\\/\\\/citrussolutions.fi\\\/\",\"logo\":{\"@type\":\"ImageObject\",\"inLanguage\":\"en-GB\",\"@id\":\"https:\\\/\\\/citrussolutions.fi\\\/#\\\/schema\\\/logo\\\/image\\\/\",\"url\":\"https:\\\/\\\/citrussolutions.fi\\\/wp-content\\\/uploads\\\/2023\\\/04\\\/logo-citrus.svg\",\"contentUrl\":\"https:\\\/\\\/citrussolutions.fi\\\/wp-content\\\/uploads\\\/2023\\\/04\\\/logo-citrus.svg\",\"width\":209,\"height\":42,\"caption\":\"Citrus Solutions Oy\"},\"image\":{\"@id\":\"https:\\\/\\\/citrussolutions.fi\\\/#\\\/schema\\\/logo\\\/image\\\/\"},\"sameAs\":[\"https:\\\/\\\/www.facebook.com\\\/citrusfi\",\"https:\\\/\\\/x.com\\\/citrusfi\",\"https:\\\/\\\/www.linkedin.com\\\/company\\\/citrus-oy\\\/\",\"https:\\\/\\\/www.instagram.com\\\/citrusfi\\\/\"]}]}<\/script>\n<!-- \/ Yoast SEO plugin. -->","yoast_head_json":{"title":"Asiantuntijat - Citrus Solutions Oy","description":"Citrus Solutions Oy - Asiantuntijat %","robots":{"index":"index","follow":"follow","max-snippet":"max-snippet:-1","max-image-preview":"max-image-preview:large","max-video-preview":"max-video-preview:-1"},"canonical":"https:\/\/citrussolutions.fi\/en\/asiantuntijat\/","og_locale":"en_GB","og_type":"article","og_title":"Asiantuntijat - Citrus Solutions Oy","og_description":"Citrus Solutions Oy - Asiantuntijat %","og_url":"https:\/\/citrussolutions.fi\/en\/asiantuntijat\/","og_site_name":"Citrus Solutions Oy","article_publisher":"https:\/\/www.facebook.com\/citrusfi","article_modified_time":"2024-08-02T06:30:59+00:00","og_image":[{"width":2000,"height":600,"url":"https:\/\/citrussolutions.fi\/wp-content\/uploads\/2023\/05\/Karkkirasioita-kulhossa-vasemmalla.jpg","type":"image\/jpeg"}],"twitter_card":"summary_large_image","twitter_site":"@citrusfi","twitter_misc":{"Estimated reading time":"2 minutes"},"schema":{"@context":"https:\/\/schema.org","@graph":[{"@type":"WebPage","@id":"https:\/\/citrussolutions.fi\/asiantuntijat\/","url":"https:\/\/citrussolutions.fi\/asiantuntijat\/","name":"Asiantuntijat - Citrus Solutions Oy","isPartOf":{"@id":"https:\/\/citrussolutions.fi\/#website"},"primaryImageOfPage":{"@id":"https:\/\/citrussolutions.fi\/asiantuntijat\/#primaryimage"},"image":{"@id":"https:\/\/citrussolutions.fi\/asiantuntijat\/#primaryimage"},"thumbnailUrl":"https:\/\/i0.wp.com\/citrussolutions.fi\/wp-content\/uploads\/2023\/05\/Karkkirasioita-kulhossa-vasemmalla.jpg?fit=2000%2C600&ssl=1","datePublished":"2023-05-31T13:04:56+00:00","dateModified":"2024-08-02T06:30:59+00:00","description":"Citrus Solutions Oy - Asiantuntijat %","breadcrumb":{"@id":"https:\/\/citrussolutions.fi\/asiantuntijat\/#breadcrumb"},"inLanguage":"en-GB","potentialAction":[{"@type":"ReadAction","target":["https:\/\/citrussolutions.fi\/asiantuntijat\/"]}]},{"@type":"ImageObject","inLanguage":"en-GB","@id":"https:\/\/citrussolutions.fi\/asiantuntijat\/#primaryimage","url":"https:\/\/i0.wp.com\/citrussolutions.fi\/wp-content\/uploads\/2023\/05\/Karkkirasioita-kulhossa-vasemmalla.jpg?fit=2000%2C600&ssl=1","contentUrl":"https:\/\/i0.wp.com\/citrussolutions.fi\/wp-content\/uploads\/2023\/05\/Karkkirasioita-kulhossa-vasemmalla.jpg?fit=2000%2C600&ssl=1","width":2000,"height":600},{"@type":"BreadcrumbList","@id":"https:\/\/citrussolutions.fi\/asiantuntijat\/#breadcrumb","itemListElement":[{"@type":"ListItem","position":1,"name":"Etusivu","item":"https:\/\/citrussolutions.fi\/"},{"@type":"ListItem","position":2,"name":"Asiantuntijat"}]},{"@type":"WebSite","@id":"https:\/\/citrussolutions.fi\/#website","url":"https:\/\/citrussolutions.fi\/","name":"Citrus Solutions","description":"Citrus Solutions, osa citrus-konsernia.","publisher":{"@id":"https:\/\/citrussolutions.fi\/#organization"},"potentialAction":[{"@type":"SearchAction","target":{"@type":"EntryPoint","urlTemplate":"https:\/\/citrussolutions.fi\/?s={search_term_string}"},"query-input":{"@type":"PropertyValueSpecification","valueRequired":true,"valueName":"search_term_string"}}],"inLanguage":"en-GB"},{"@type":"Organization","@id":"https:\/\/citrussolutions.fi\/#organization","name":"Citrus Solutions Oy","url":"https:\/\/citrussolutions.fi\/","logo":{"@type":"ImageObject","inLanguage":"en-GB","@id":"https:\/\/citrussolutions.fi\/#\/schema\/logo\/image\/","url":"https:\/\/citrussolutions.fi\/wp-content\/uploads\/2023\/04\/logo-citrus.svg","contentUrl":"https:\/\/citrussolutions.fi\/wp-content\/uploads\/2023\/04\/logo-citrus.svg","width":209,"height":42,"caption":"Citrus Solutions Oy"},"image":{"@id":"https:\/\/citrussolutions.fi\/#\/schema\/logo\/image\/"},"sameAs":["https:\/\/www.facebook.com\/citrusfi","https:\/\/x.com\/citrusfi","https:\/\/www.linkedin.com\/company\/citrus-oy\/","https:\/\/www.instagram.com\/citrusfi\/"]}]}},"_links":{"self":[{"href":"https:\/\/citrussolutions.fi\/en\/wp-json\/wp\/v2\/pages\/3621","targetHints":{"allow":["GET"]}}],"collection":[{"href":"https:\/\/citrussolutions.fi\/en\/wp-json\/wp\/v2\/pages"}],"about":[{"href":"https:\/\/citrussolutions.fi\/en\/wp-json\/wp\/v2\/types\/page"}],"author":[{"embeddable":true,"href":"https:\/\/citrussolutions.fi\/en\/wp-json\/wp\/v2\/users\/4"}],"replies":[{"embeddable":true,"href":"https:\/\/citrussolutions.fi\/en\/wp-json\/wp\/v2\/comments?post=3621"}],"version-history":[{"count":53,"href":"https:\/\/citrussolutions.fi\/en\/wp-json\/wp\/v2\/pages\/3621\/revisions"}],"predecessor-version":[{"id":6342,"href":"https:\/\/citrussolutions.fi\/en\/wp-json\/wp\/v2\/pages\/3621\/revisions\/6342"}],"wp:featuredmedia":[{"embeddable":true,"href":"https:\/\/citrussolutions.fi\/en\/wp-json\/wp\/v2\/media\/3410"}],"wp:attachment":[{"href":"https:\/\/citrussolutions.fi\/en\/wp-json\/wp\/v2\/media?parent=3621"}],"curies":[{"name":"wp","href":"https:\/\/api.w.org\/{rel}","templated":true}]}}